{"id":931,"date":"2017-02-15T15:08:31","date_gmt":"2017-02-15T14:08:31","guid":{"rendered":"https:\/\/lemap-bordeaux.com\/contact\/"},"modified":"2017-03-08T09:51:09","modified_gmt":"2017-03-08T08:51:09","slug":"contact","status":"publish","type":"page","link":"https:\/\/lemap-bordeaux.com\/fr\/contact\/","title":{"rendered":"Contact"},"content":{"rendered":"<p>On adore entendre votre avis sur comment am\u00e9liorer Le Map Bordeaux encore plus! Si vous avez des questions, n&rsquo;h\u00e9sitez pas \u00e0 nous contacter!<\/p>\n<div class=\"frm_forms  with_frm_style frm_style_formidable-style\" id=\"frm_form_5_container\" >\n<form enctype=\"multipart\/form-data\" method=\"post\" class=\"frm-show-form  frm_pro_form \" id=\"form_lf6ml\" >\n<div class=\"frm_form_fields \">\n<fieldset>\n<legend class=\"frm_hidden\">Contact<\/legend>\r\n\r\n<div class=\"frm_fields_container\">\n<input type=\"hidden\" name=\"frm_action\" value=\"create\" \/>\n<input type=\"hidden\" name=\"form_id\" value=\"5\" \/>\n<input type=\"hidden\" name=\"frm_hide_fields_5\" id=\"frm_hide_fields_5\" value=\"\" \/>\n<input type=\"hidden\" name=\"form_key\" value=\"lf6ml\" \/>\n<input type=\"hidden\" name=\"item_meta[0]\" value=\"\" \/>\n<input type=\"hidden\" id=\"frm_submit_entry_5\" name=\"frm_submit_entry_5\" value=\"207d3879fd\" \/><input type=\"hidden\" name=\"_wp_http_referer\" value=\"\/fr\/wp-json\/wp\/v2\/pages\/931\" \/><div id=\"frm_field_64_container\" class=\"frm_form_field form-field  frm_required_field frm_top_container\">\r\n    <label for=\"field_gt6fc\" class=\"frm_primary_label\">Your name\r\n        <span class=\"frm_required\">*<\/span>\r\n    <\/label>\r\n    <input  type=\"text\" id=\"field_gt6fc\" name=\"item_meta[64]\" value=\"\"  data-reqmsg=\"Your name cannot be blank.\" aria-required=\"true\" data-invmsg=\"Your name est non valide\" aria-invalid=\"false\"   \/>\r\n    \r\n    \r\n<\/div>\n<div id=\"frm_field_65_container\" class=\"frm_form_field form-field  frm_required_field frm_top_container\">\r\n    <label for=\"field_iqs0g\" class=\"frm_primary_label\">Email Address\r\n        <span class=\"frm_required\">*<\/span>\r\n    <\/label>\r\n    <input type=\"email\" id=\"field_iqs0g\" name=\"item_meta[65]\" value=\"\"  data-reqmsg=\"Email Address cannot be blank.\" aria-required=\"true\" data-invmsg=\"Email Address is invalid\" aria-invalid=\"false\"  \/>\r\n    \r\n    \r\n<\/div>\n<div id=\"frm_field_67_container\" class=\"frm_form_field form-field  frm_required_field frm_top_container\">\r\n    <label for=\"field_h3yoo\" class=\"frm_primary_label\">Your message\r\n        <span class=\"frm_required\">*<\/span>\r\n    <\/label>\r\n    <textarea name=\"item_meta[67]\" id=\"field_h3yoo\" rows=\"5\"  data-reqmsg=\"Your message cannot be blank.\" aria-required=\"true\" data-invmsg=\"Your message est non valide\" aria-invalid=\"false\"  ><\/textarea>\r\n    \r\n    \r\n<\/div>\n<div id=\"frm_field_68_container\" class=\"frm_form_field form-field  frm_top_container\">\r\n    <label for=\"g-recaptcha-response\" class=\"frm_primary_label\">reCAPTCHA\r\n        <span class=\"frm_required\"><\/span>\r\n    <\/label>\r\n    <div  id=\"field_453s2\" class=\"g-recaptcha\" data-sitekey=\"6LcgeRcUAAAAAD3QqqjnLTJVvBaiLW_6kQZBme2Q\" data-size=\"normal\" data-theme=\"light\"><\/div>\r\n    \r\n    \r\n<\/div>\n\t<input type=\"hidden\" name=\"item_key\" value=\"\" \/>\n\t\t\t<div id=\"frm_field_94_container\">\n\t\t\t<label for=\"field_nosp9\" >\n\t\t\t\tSi vous \u00eates un humain, ne remplissez pas ce champ.\t\t\t<\/label>\n\t\t\t<input  id=\"field_nosp9\" type=\"text\" class=\"frm_form_field form-field frm_verify\" name=\"item_meta[94]\" value=\"\"  \/>\n\t\t<\/div>\n\t\t<input name=\"frm_state\" type=\"hidden\" value=\"\/QYWTy8mchz2QLmVO92b\/yvzhD3qTZS1yaux9tO8ViGCq7r9yw4T8HnfAcMEqYdt\" \/><div class=\"frm_submit\">\r\n\r\n<button class=\"frm_button_submit frm_final_submit\" type=\"submit\"   formnovalidate=\"formnovalidate\">Submit<\/button>\r\n\r\n<\/div><\/div>\n<\/fieldset>\n<\/div>\n\n<p style=\"display: none !important;\" class=\"akismet-fields-container\" data-prefix=\"ak_\"><label>&#916;<textarea name=\"ak_hp_textarea\" cols=\"45\" rows=\"8\" maxlength=\"100\"><\/textarea><\/label><input type=\"hidden\" id=\"ak_js_1\" name=\"ak_js\" value=\"125\"\/><script>document.getElementById( \"ak_js_1\" ).setAttribute( \"value\", ( new Date() ).getTime() );<\/script><\/p><\/form>\n<\/div>\n\n","protected":false},"excerpt":{"rendered":"<p>On adore entendre votre avis sur comment am\u00e9liorer Le Map Bordeaux encore plus! Si vous avez des questions, n&rsquo;h\u00e9sitez pas \u00e0 nous contacter!<\/p>\n","protected":false},"author":1,"featured_media":0,"parent":0,"menu_order":0,"comment_status":"closed","ping_status":"closed","template":"","meta":{"_acf_changed":false,"_monsterinsights_skip_tracking":false,"_monsterinsights_sitenote_active":false,"_monsterinsights_sitenote_note":"","_monsterinsights_sitenote_category":0,"footnotes":""},"class_list":["post-931","page","type-page","status-publish","hentry"],"acf":[],"yoast_head":"<!-- This site is optimized with the Yoast SEO plugin v25.3.1 - https:\/\/yoast.com\/wordpress\/plugins\/seo\/ -->\n<title>Contact | Le Map Bordeaux<\/title>\n<meta name=\"robots\" content=\"index, follow, max-snippet:-1, max-image-preview:large, max-video-preview:-1\" \/>\n<link rel=\"canonical\" href=\"https:\/\/lemap-bordeaux.com\/fr\/contact\/\" \/>\n<meta property=\"og:locale\" content=\"fr_FR\" \/>\n<meta property=\"og:type\" content=\"article\" \/>\n<meta property=\"og:title\" content=\"Contact | Le Map Bordeaux\" \/>\n<meta property=\"og:description\" content=\"On adore entendre votre avis sur comment am\u00e9liorer Le Map Bordeaux encore plus! Si vous avez des questions, n&rsquo;h\u00e9sitez pas \u00e0 nous contacter!\" \/>\n<meta property=\"og:url\" content=\"https:\/\/lemap-bordeaux.com\/fr\/contact\/\" \/>\n<meta property=\"og:site_name\" content=\"Le Map Bordeaux\" \/>\n<meta property=\"article:publisher\" content=\"https:\/\/www.facebook.com\/lemapbordeaux\" \/>\n<meta property=\"article:modified_time\" content=\"2017-03-08T08:51:09+00:00\" \/>\n<meta name=\"twitter:card\" content=\"summary_large_image\" \/>\n<script type=\"application\/ld+json\" class=\"yoast-schema-graph\">{\"@context\":\"https:\/\/schema.org\",\"@graph\":[{\"@type\":\"WebPage\",\"@id\":\"https:\/\/lemap-bordeaux.com\/fr\/contact\/\",\"url\":\"https:\/\/lemap-bordeaux.com\/fr\/contact\/\",\"name\":\"Contact | Le Map Bordeaux\",\"isPartOf\":{\"@id\":\"https:\/\/lemap-bordeaux.com\/#website\"},\"datePublished\":\"2017-02-15T14:08:31+00:00\",\"dateModified\":\"2017-03-08T08:51:09+00:00\",\"breadcrumb\":{\"@id\":\"https:\/\/lemap-bordeaux.com\/fr\/contact\/#breadcrumb\"},\"inLanguage\":\"fr-FR\",\"potentialAction\":[{\"@type\":\"ReadAction\",\"target\":[\"https:\/\/lemap-bordeaux.com\/fr\/contact\/\"]}]},{\"@type\":\"BreadcrumbList\",\"@id\":\"https:\/\/lemap-bordeaux.com\/fr\/contact\/#breadcrumb\",\"itemListElement\":[{\"@type\":\"ListItem\",\"position\":1,\"name\":\"Home\",\"item\":\"https:\/\/lemap-bordeaux.com\/fr\/\"},{\"@type\":\"ListItem\",\"position\":2,\"name\":\"Contact\"}]},{\"@type\":\"WebSite\",\"@id\":\"https:\/\/lemap-bordeaux.com\/#website\",\"url\":\"https:\/\/lemap-bordeaux.com\/\",\"name\":\"Le Map Bordeaux\",\"description\":\"Bordeaux Map &amp; City Guide\",\"publisher\":{\"@id\":\"https:\/\/lemap-bordeaux.com\/#organization\"},\"potentialAction\":[{\"@type\":\"SearchAction\",\"target\":{\"@type\":\"EntryPoint\",\"urlTemplate\":\"https:\/\/lemap-bordeaux.com\/?s={search_term_string}\"},\"query-input\":{\"@type\":\"PropertyValueSpecification\",\"valueRequired\":true,\"valueName\":\"search_term_string\"}}],\"inLanguage\":\"fr-FR\"},{\"@type\":\"Organization\",\"@id\":\"https:\/\/lemap-bordeaux.com\/#organization\",\"name\":\"Le Map Bordeaux\",\"url\":\"https:\/\/lemap-bordeaux.com\/\",\"logo\":{\"@type\":\"ImageObject\",\"inLanguage\":\"fr-FR\",\"@id\":\"https:\/\/lemap-bordeaux.com\/#\/schema\/logo\/image\/\",\"url\":\"https:\/\/lemap-bordeaux.com\/wp-content\/uploads\/2017\/02\/logo-1.png\",\"contentUrl\":\"https:\/\/lemap-bordeaux.com\/wp-content\/uploads\/2017\/02\/logo-1.png\",\"width\":1459,\"height\":605,\"caption\":\"Le Map Bordeaux\"},\"image\":{\"@id\":\"https:\/\/lemap-bordeaux.com\/#\/schema\/logo\/image\/\"},\"sameAs\":[\"https:\/\/www.facebook.com\/lemapbordeaux\",\"https:\/\/www.instagram.com\/lemapbordeaux\"]}]}<\/script>\n<!-- \/ Yoast SEO plugin. -->","yoast_head_json":{"title":"Contact | Le Map Bordeaux","robots":{"index":"index","follow":"follow","max-snippet":"max-snippet:-1","max-image-preview":"max-image-preview:large","max-video-preview":"max-video-preview:-1"},"canonical":"https:\/\/lemap-bordeaux.com\/fr\/contact\/","og_locale":"fr_FR","og_type":"article","og_title":"Contact | Le Map Bordeaux","og_description":"On adore entendre votre avis sur comment am\u00e9liorer Le Map Bordeaux encore plus! Si vous avez des questions, n&rsquo;h\u00e9sitez pas \u00e0 nous contacter!","og_url":"https:\/\/lemap-bordeaux.com\/fr\/contact\/","og_site_name":"Le Map Bordeaux","article_publisher":"https:\/\/www.facebook.com\/lemapbordeaux","article_modified_time":"2017-03-08T08:51:09+00:00","twitter_card":"summary_large_image","schema":{"@context":"https:\/\/schema.org","@graph":[{"@type":"WebPage","@id":"https:\/\/lemap-bordeaux.com\/fr\/contact\/","url":"https:\/\/lemap-bordeaux.com\/fr\/contact\/","name":"Contact | Le Map Bordeaux","isPartOf":{"@id":"https:\/\/lemap-bordeaux.com\/#website"},"datePublished":"2017-02-15T14:08:31+00:00","dateModified":"2017-03-08T08:51:09+00:00","breadcrumb":{"@id":"https:\/\/lemap-bordeaux.com\/fr\/contact\/#breadcrumb"},"inLanguage":"fr-FR","potentialAction":[{"@type":"ReadAction","target":["https:\/\/lemap-bordeaux.com\/fr\/contact\/"]}]},{"@type":"BreadcrumbList","@id":"https:\/\/lemap-bordeaux.com\/fr\/contact\/#breadcrumb","itemListElement":[{"@type":"ListItem","position":1,"name":"Home","item":"https:\/\/lemap-bordeaux.com\/fr\/"},{"@type":"ListItem","position":2,"name":"Contact"}]},{"@type":"WebSite","@id":"https:\/\/lemap-bordeaux.com\/#website","url":"https:\/\/lemap-bordeaux.com\/","name":"Le Map Bordeaux","description":"Bordeaux Map &amp; City Guide","publisher":{"@id":"https:\/\/lemap-bordeaux.com\/#organization"},"potentialAction":[{"@type":"SearchAction","target":{"@type":"EntryPoint","urlTemplate":"https:\/\/lemap-bordeaux.com\/?s={search_term_string}"},"query-input":{"@type":"PropertyValueSpecification","valueRequired":true,"valueName":"search_term_string"}}],"inLanguage":"fr-FR"},{"@type":"Organization","@id":"https:\/\/lemap-bordeaux.com\/#organization","name":"Le Map Bordeaux","url":"https:\/\/lemap-bordeaux.com\/","logo":{"@type":"ImageObject","inLanguage":"fr-FR","@id":"https:\/\/lemap-bordeaux.com\/#\/schema\/logo\/image\/","url":"https:\/\/lemap-bordeaux.com\/wp-content\/uploads\/2017\/02\/logo-1.png","contentUrl":"https:\/\/lemap-bordeaux.com\/wp-content\/uploads\/2017\/02\/logo-1.png","width":1459,"height":605,"caption":"Le Map Bordeaux"},"image":{"@id":"https:\/\/lemap-bordeaux.com\/#\/schema\/logo\/image\/"},"sameAs":["https:\/\/www.facebook.com\/lemapbordeaux","https:\/\/www.instagram.com\/lemapbordeaux"]}]}},"_links":{"self":[{"href":"https:\/\/lemap-bordeaux.com\/fr\/wp-json\/wp\/v2\/pages\/931","targetHints":{"allow":["GET"]}}],"collection":[{"href":"https:\/\/lemap-bordeaux.com\/fr\/wp-json\/wp\/v2\/pages"}],"about":[{"href":"https:\/\/lemap-bordeaux.com\/fr\/wp-json\/wp\/v2\/types\/page"}],"author":[{"embeddable":true,"href":"https:\/\/lemap-bordeaux.com\/fr\/wp-json\/wp\/v2\/users\/1"}],"replies":[{"embeddable":true,"href":"https:\/\/lemap-bordeaux.com\/fr\/wp-json\/wp\/v2\/comments?post=931"}],"version-history":[{"count":2,"href":"https:\/\/lemap-bordeaux.com\/fr\/wp-json\/wp\/v2\/pages\/931\/revisions"}],"predecessor-version":[{"id":937,"href":"https:\/\/lemap-bordeaux.com\/fr\/wp-json\/wp\/v2\/pages\/931\/revisions\/937"}],"wp:attachment":[{"href":"https:\/\/lemap-bordeaux.com\/fr\/wp-json\/wp\/v2\/media?parent=931"}],"curies":[{"name":"wp","href":"https:\/\/api.w.org\/{rel}","templated":true}]}}